{"id":377,"date":"2020-07-27T14:21:54","date_gmt":"2020-07-27T12:21:54","guid":{"rendered":"http:\/\/potaufeu.cz\/?page_id=377"},"modified":"2025-02-25T12:45:05","modified_gmt":"2025-02-25T11:45:05","slug":"wine-list","status":"publish","type":"page","link":"https:\/\/potaufeu.cz\/en\/wine-list\/","title":{"rendered":"Wine list"},"content":{"rendered":"\t\t<div data-elementor-type=\"wp-page\" data-elementor-id=\"377\" class=\"elementor elementor-377 elementor-68\" data-elementor-post-type=\"page\">\n\t\t\t\t\t\t<section class=\"elementor-section elementor-top-section elementor-element elementor-element-4efbe295 hero-subpage elementor-section-boxed elementor-section-height-default elementor-section-height-default\" data-id=\"4efbe295\" data-element_type=\"section\" data-settings=\"{&quot;background_background&quot;:&quot;classic&quot;}\">\n\t\t\t\t\t\t<div class=\"elementor-container elementor-column-gap-default\">\n\t\t\t\t\t<div class=\"elementor-column elementor-col-100 elementor-top-column elementor-element elementor-element-3e39abcc\" data-id=\"3e39abcc\" data-element_type=\"column\">\n\t\t\t<div class=\"elementor-widget-wrap elementor-element-populated\">\n\t\t\t\t\t\t<section class=\"elementor-section elementor-inner-section elementor-element elementor-element-493700a1 elementor-section-full_width elementor-section-height-default elementor-section-height-default\" data-id=\"493700a1\" data-element_type=\"section\" data-settings=\"{&quot;background_background&quot;:&quot;classic&quot;}\">\n\t\t\t\t\t\t\t<div class=\"elementor-background-overlay\"><\/div>\n\t\t\t\t\t\t\t<div class=\"elementor-container elementor-column-gap-default\">\n\t\t\t\t\t<div class=\"elementor-column elementor-col-50 elementor-inner-column elementor-element elementor-element-257a4071\" data-id=\"257a4071\" data-element_type=\"column\" data-settings=\"{&quot;background_background&quot;:&quot;classic&quot;}\">\n\t\t\t<div class=\"elementor-widget-wrap elementor-element-populated\">\n\t\t\t\t\t\t<div class=\"elementor-element elementor-element-5c052d08 elementor-widget elementor-widget-heading\" data-id=\"5c052d08\" data-element_type=\"widget\" data-widget_type=\"heading.default\">\n\t\t\t\t<div class=\"elementor-widget-container\">\n\t\t\t\t\t<h1 class=\"elementor-heading-title elementor-size-default\">Wine list<\/h1>\t\t\t\t<\/div>\n\t\t\t\t<\/div>\n\t\t\t\t<div class=\"elementor-element elementor-element-34cfcec elementor-widget-divider--view-line elementor-widget elementor-widget-divider\" data-id=\"34cfcec\" data-element_type=\"widget\" data-widget_type=\"divider.default\">\n\t\t\t\t<div class=\"elementor-widget-container\">\n\t\t\t\t\t\t\t<div class=\"elementor-divider\">\n\t\t\t<span class=\"elementor-divider-separator\">\n\t\t\t\t\t\t<\/span>\n\t\t<\/div>\n\t\t\t\t\t\t<\/div>\n\t\t\t\t<\/div>\n\t\t\t\t\t<\/div>\n\t\t<\/div>\n\t\t\t\t<div class=\"elementor-column elementor-col-50 elementor-inner-column elementor-element elementor-element-2fc215e2 elementor-hidden-phone elementor-hidden-tablet\" data-id=\"2fc215e2\" data-element_type=\"column\">\n\t\t\t<div class=\"elementor-widget-wrap\">\n\t\t\t\t\t\t\t<\/div>\n\t\t<\/div>\n\t\t\t\t\t<\/div>\n\t\t<\/section>\n\t\t\t\t\t<\/div>\n\t\t<\/div>\n\t\t\t\t\t<\/div>\n\t\t<\/section>\n\t\t\t\t<section class=\"elementor-section elementor-top-section elementor-element elementor-element-3e0000ad elementor-section-boxed elementor-section-height-default elementor-section-height-default\" data-id=\"3e0000ad\" data-element_type=\"section\">\n\t\t\t\t\t\t<div class=\"elementor-container elementor-column-gap-default\">\n\t\t\t\t\t<div class=\"elementor-column elementor-col-100 elementor-top-column elementor-element elementor-element-74520cee\" data-id=\"74520cee\" data-element_type=\"column\">\n\t\t\t<div class=\"elementor-widget-wrap elementor-element-populated\">\n\t\t\t\t\t\t<section class=\"elementor-section elementor-inner-section elementor-element elementor-element-44adb6ed elementor-section-full_width elementor-section-height-default elementor-section-height-default\" data-id=\"44adb6ed\" data-element_type=\"section\" id=\"staly\">\n\t\t\t\t\t\t<div class=\"elementor-container elementor-column-gap-default\">\n\t\t\t\t\t<div class=\"elementor-column elementor-col-100 elementor-inner-column elementor-element elementor-element-517aa2a3 dark-table\" data-id=\"517aa2a3\" data-element_type=\"column\">\n\t\t\t<div class=\"elementor-widget-wrap elementor-element-populated\">\n\t\t\t\t\t\t<div class=\"elementor-element elementor-element-5519feea elementor-widget elementor-widget-heading\" data-id=\"5519feea\" data-element_type=\"widget\" data-widget_type=\"heading.default\">\n\t\t\t\t<div class=\"elementor-widget-container\">\n\t\t\t\t\t<h2 class=\"elementor-heading-title elementor-size-default\">Wine by glass  - white<\/h2>\t\t\t\t<\/div>\n\t\t\t\t<\/div>\n\t\t\t\t<div class=\"elementor-element elementor-element-44cb24b elementor-widget elementor-widget-text-editor\" data-id=\"44cb24b\" data-element_type=\"widget\" data-widget_type=\"text-editor.default\">\n\t\t\t\t<div class=\"elementor-widget-container\">\n\t\t\t\t\t\t\t\t\t\n<table id=\"tablepress-12\" class=\"tablepress tablepress-id-12\">\n<tbody>\n<tr class=\"row-1\">\n\t<td class=\"column-1\">Cr\u00e9mant de Bordeaux, Brut, Chevalier de Conqueste<\/td>\n<\/tr>\n<tr class=\"row-2\">\n\t<td class=\"column-1\">Champagne Gautherot, Brut Grande r\u00e9serve<\/td>\n<\/tr>\n<tr class=\"row-3\">\n\t<td class=\"column-1\">Champagne Gautherot, Brut Carte d\u00b4Or<\/td>\n<\/tr>\n<tr class=\"row-4\">\n\t<td class=\"column-1\">2013 Bourgogne, Fut de Chene, La Cave D\u00b4Az\u00e9<\/td>\n<\/tr>\n<tr class=\"row-5\">\n\t<td class=\"column-1\">2016 Macon P\u00e9ronne, La Cave D\u00b4Az\u00e9<\/td>\n<\/tr>\n<tr class=\"row-6\">\n\t<td class=\"column-1\">2017 Cotes de Gascogne &#8220;Colombelle&#8221;<\/td>\n<\/tr>\n<tr class=\"row-7\">\n\t<td class=\"column-1\">2016 Sancerre, Domaine Tinel Richaud<\/td>\n<\/tr>\n<\/tbody>\n<\/table>\n<!-- #tablepress-12 from cache -->\t\t\t\t\t\t\t\t<\/div>\n\t\t\t\t<\/div>\n\t\t\t\t\t<\/div>\n\t\t<\/div>\n\t\t\t\t\t<\/div>\n\t\t<\/section>\n\t\t\t\t<section class=\"elementor-section elementor-inner-section elementor-element elementor-element-729665d2 elementor-section-full_width elementor-section-height-default elementor-section-height-default\" data-id=\"729665d2\" data-element_type=\"section\">\n\t\t\t\t\t\t<div class=\"elementor-container elementor-column-gap-default\">\n\t\t\t\t\t<div class=\"elementor-column elementor-col-100 elementor-inner-column elementor-element elementor-element-22d186d4\" data-id=\"22d186d4\" data-element_type=\"column\">\n\t\t\t<div class=\"elementor-widget-wrap elementor-element-populated\">\n\t\t\t\t\t\t<div class=\"elementor-element elementor-element-618c08d1 elementor-widget elementor-widget-heading\" data-id=\"618c08d1\" data-element_type=\"widget\" data-widget_type=\"heading.default\">\n\t\t\t\t<div class=\"elementor-widget-container\">\n\t\t\t\t\t<h2 class=\"elementor-heading-title elementor-size-default\">Wine by glass - red<\/h2>\t\t\t\t<\/div>\n\t\t\t\t<\/div>\n\t\t\t\t<div class=\"elementor-element elementor-element-5cf6dd1e elementor-widget elementor-widget-text-editor\" data-id=\"5cf6dd1e\" data-element_type=\"widget\" data-widget_type=\"text-editor.default\">\n\t\t\t\t<div class=\"elementor-widget-container\">\n\t\t\t\t\t\t\t\t\t\n<table id=\"tablepress-13\" class=\"tablepress tablepress-id-13\">\n<tbody>\n<tr class=\"row-1\">\n\t<td class=\"column-1\">2014 Chateau Glanet, AOC Bordeaux Superieur<\/td>\n<\/tr>\n<tr class=\"row-2\">\n\t<td class=\"column-1\">2014 Macon Az\u00e9 rouge, Fut de Chene, Cav\u00e9 d\u00b4Az\u00e9<\/td>\n<\/tr>\n<tr class=\"row-3\">\n\t<td class=\"column-1\">2014 Chateau La Fleur Cravignac, Grand Cru<\/td>\n<\/tr>\n<tr class=\"row-4\">\n\t<td class=\"column-1\">2015 Lirac, Domaine des Cigalounes<\/td>\n<\/tr>\n<tr class=\"row-5\">\n\t<td class=\"column-1\">2016 Rasteau, Domaine Marcel Richaud<\/td>\n<\/tr>\n<\/tbody>\n<\/table>\n<!-- #tablepress-13 from cache -->\t\t\t\t\t\t\t\t<\/div>\n\t\t\t\t<\/div>\n\t\t\t\t\t<\/div>\n\t\t<\/div>\n\t\t\t\t\t<\/div>\n\t\t<\/section>\n\t\t\t\t<section class=\"elementor-section elementor-inner-section elementor-element elementor-element-27054b09 elementor-section-full_width elementor-section-height-default elementor-section-height-default\" data-id=\"27054b09\" data-element_type=\"section\">\n\t\t\t\t\t\t<div class=\"elementor-container elementor-column-gap-default\">\n\t\t\t\t\t<div class=\"elementor-column elementor-col-100 elementor-inner-column elementor-element elementor-element-7cab29b3\" data-id=\"7cab29b3\" data-element_type=\"column\">\n\t\t\t<div class=\"elementor-widget-wrap elementor-element-populated\">\n\t\t\t\t\t\t<div class=\"elementor-element elementor-element-1cafb629 elementor-widget elementor-widget-heading\" data-id=\"1cafb629\" data-element_type=\"widget\" data-widget_type=\"heading.default\">\n\t\t\t\t<div class=\"elementor-widget-container\">\n\t\t\t\t\t<h2 class=\"elementor-heading-title elementor-size-default\">Champagne and sparkling wine<\/h2>\t\t\t\t<\/div>\n\t\t\t\t<\/div>\n\t\t\t\t<div class=\"elementor-element elementor-element-23df0962 elementor-widget elementor-widget-text-editor\" data-id=\"23df0962\" data-element_type=\"widget\" data-widget_type=\"text-editor.default\">\n\t\t\t\t<div class=\"elementor-widget-container\">\n\t\t\t\t\t\t\t\t\t\n<table id=\"tablepress-14\" class=\"tablepress tablepress-id-14\">\n<tbody>\n<tr class=\"row-1\">\n\t<td class=\"column-1\">Cr\u00e9mant de Bordeaux, Brut, Chevalier de Conqueste<\/td>\n<\/tr>\n<\/tbody>\n<\/table>\n<!-- #tablepress-14 from cache -->\t\t\t\t\t\t\t\t<\/div>\n\t\t\t\t<\/div>\n\t\t\t\t\t<\/div>\n\t\t<\/div>\n\t\t\t\t\t<\/div>\n\t\t<\/section>\n\t\t\t\t<section class=\"elementor-section elementor-inner-section elementor-element elementor-element-d36e126 elementor-section-full_width elementor-section-height-default elementor-section-height-default\" data-id=\"d36e126\" data-element_type=\"section\">\n\t\t\t\t\t\t<div class=\"elementor-container elementor-column-gap-default\">\n\t\t\t\t\t<div class=\"elementor-column elementor-col-100 elementor-inner-column elementor-element elementor-element-b6ce362\" data-id=\"b6ce362\" data-element_type=\"column\">\n\t\t\t<div class=\"elementor-widget-wrap elementor-element-populated\">\n\t\t\t\t\t\t<div class=\"elementor-element elementor-element-6adf3a1 elementor-widget elementor-widget-heading\" data-id=\"6adf3a1\" data-element_type=\"widget\" data-widget_type=\"heading.default\">\n\t\t\t\t<div class=\"elementor-widget-container\">\n\t\t\t\t\t<h2 class=\"elementor-heading-title elementor-size-default\">Champagne<\/h2>\t\t\t\t<\/div>\n\t\t\t\t<\/div>\n\t\t\t\t<div class=\"elementor-element elementor-element-b750acd elementor-widget elementor-widget-text-editor\" data-id=\"b750acd\" data-element_type=\"widget\" data-widget_type=\"text-editor.default\">\n\t\t\t\t<div class=\"elementor-widget-container\">\n\t\t\t\t\t\t\t\t\t\n<table id=\"tablepress-15\" class=\"tablepress tablepress-id-15\">\n<tbody>\n<tr class=\"row-1\">\n\t<td class=\"column-1\">Champagne Gautherot, Brut Carte d\u00b4or<\/td>\n<\/tr>\n<tr class=\"row-2\">\n\t<td class=\"column-1\">Champagne Gautherot, Brut Grande R\u00e9serve<\/td>\n<\/tr>\n<tr class=\"row-3\">\n\t<td class=\"column-1\">Champagne Gautherot, Brut Grande R\u00e9serve (magnum 1,5l)<\/td>\n<\/tr>\n<tr class=\"row-4\">\n\t<td class=\"column-1\">Champagne Gautherot, Brut Ros\u00e9<\/td>\n<\/tr>\n<tr class=\"row-5\">\n\t<td class=\"column-1\">Champagne Gautherot, Cuvee Exc\u00e9ption<\/td>\n<\/tr>\n<tr class=\"row-6\">\n\t<td class=\"column-1\">Champagne Gautherot, Notes Blanchest<\/td>\n<\/tr>\n<tr class=\"row-7\">\n\t<td class=\"column-1\">Cristal 2006, Louis Roederer<\/td>\n<\/tr>\n<tr class=\"row-8\">\n\t<td class=\"column-1\">Cristal 2004, Louis Roederer<\/td>\n<\/tr>\n<tr class=\"row-9\">\n\t<td class=\"column-1\">Cristal 2002, Louis Roederer<\/td>\n<\/tr>\n<tr class=\"row-10\">\n\t<td class=\"column-1\">Cristal Ros\u00e9 2006, Louis Roederer<\/td>\n<\/tr>\n<\/tbody>\n<\/table>\n<!-- #tablepress-15 from cache -->\t\t\t\t\t\t\t\t<\/div>\n\t\t\t\t<\/div>\n\t\t\t\t\t<\/div>\n\t\t<\/div>\n\t\t\t\t\t<\/div>\n\t\t<\/section>\n\t\t\t\t<section class=\"elementor-section elementor-inner-section elementor-element elementor-element-faaa245 elementor-section-full_width elementor-section-height-default elementor-section-height-default\" data-id=\"faaa245\" data-element_type=\"section\">\n\t\t\t\t\t\t<div class=\"elementor-container elementor-column-gap-default\">\n\t\t\t\t\t<div class=\"elementor-column elementor-col-100 elementor-inner-column elementor-element elementor-element-2bf0d16\" data-id=\"2bf0d16\" data-element_type=\"column\">\n\t\t\t<div class=\"elementor-widget-wrap elementor-element-populated\">\n\t\t\t\t\t\t<div class=\"elementor-element elementor-element-6037fb6 elementor-widget elementor-widget-heading\" data-id=\"6037fb6\" data-element_type=\"widget\" data-widget_type=\"heading.default\">\n\t\t\t\t<div class=\"elementor-widget-container\">\n\t\t\t\t\t<h2 class=\"elementor-heading-title elementor-size-default\">White wine - Burgundy<\/h2>\t\t\t\t<\/div>\n\t\t\t\t<\/div>\n\t\t\t\t<div class=\"elementor-element elementor-element-965b57b elementor-widget elementor-widget-text-editor\" data-id=\"965b57b\" data-element_type=\"widget\" data-widget_type=\"text-editor.default\">\n\t\t\t\t<div class=\"elementor-widget-container\">\n\t\t\t\t\t\t\t\t\t\n<table id=\"tablepress-16\" class=\"tablepress tablepress-id-16\">\n<tbody>\n<tr class=\"row-1\">\n\t<td class=\"column-1\">2014 Bourgogne, Les Femelottes, Domaine Chavy-Chouet<\/td>\n<\/tr>\n<tr class=\"row-2\">\n\t<td class=\"column-1\">2013 Bourgogne, Fut de Chene, La Cave D\u00b4Az\u00e9<\/td>\n<\/tr>\n<\/tbody>\n<\/table>\n<!-- #tablepress-16 from cache -->\t\t\t\t\t\t\t\t<\/div>\n\t\t\t\t<\/div>\n\t\t\t\t\t<\/div>\n\t\t<\/div>\n\t\t\t\t\t<\/div>\n\t\t<\/section>\n\t\t\t\t<section class=\"elementor-section elementor-inner-section elementor-element elementor-element-9039c6e elementor-section-full_width elementor-section-height-default elementor-section-height-default\" data-id=\"9039c6e\" data-element_type=\"section\">\n\t\t\t\t\t\t<div class=\"elementor-container elementor-column-gap-default\">\n\t\t\t\t\t<div class=\"elementor-column elementor-col-100 elementor-inner-column elementor-element elementor-element-a6b1a68\" data-id=\"a6b1a68\" data-element_type=\"column\">\n\t\t\t<div class=\"elementor-widget-wrap elementor-element-populated\">\n\t\t\t\t\t\t<div class=\"elementor-element elementor-element-4b9d7ef elementor-widget elementor-widget-heading\" data-id=\"4b9d7ef\" data-element_type=\"widget\" data-widget_type=\"heading.default\">\n\t\t\t\t<div class=\"elementor-widget-container\">\n\t\t\t\t\t<h2 class=\"elementor-heading-title elementor-size-default\">White wine - Chablis<\/h2>\t\t\t\t<\/div>\n\t\t\t\t<\/div>\n\t\t\t\t<div class=\"elementor-element elementor-element-5bd1996 elementor-widget elementor-widget-text-editor\" data-id=\"5bd1996\" data-element_type=\"widget\" data-widget_type=\"text-editor.default\">\n\t\t\t\t<div class=\"elementor-widget-container\">\n\t\t\t\t\t\t\t\t\t\n<table id=\"tablepress-17\" class=\"tablepress tablepress-id-17\">\n<tbody>\n<tr class=\"row-1\">\n\t<td class=\"column-1\">2014 Chablis, Domaine Vrignaud<\/td>\n<\/tr>\n<tr class=\"row-2\">\n\t<td class=\"column-1\">2015 Chablis, Billaud-Simon<\/td>\n<\/tr>\n<tr class=\"row-3\">\n\t<td class=\"column-1\">2016 Chablis 1er Cru &#8220;Fourchaume&#8221; Domaine Vrignaud<\/td>\n<\/tr>\n<tr class=\"row-4\">\n\t<td class=\"column-1\">2012 Chablis Grand Cru &#8220;Vaud\u00e9sir&#8221; Domaine Billaud-Simon<\/td>\n<\/tr>\n<\/tbody>\n<\/table>\n<!-- #tablepress-17 from cache -->\t\t\t\t\t\t\t\t<\/div>\n\t\t\t\t<\/div>\n\t\t\t\t\t<\/div>\n\t\t<\/div>\n\t\t\t\t\t<\/div>\n\t\t<\/section>\n\t\t\t\t<section class=\"elementor-section elementor-inner-section elementor-element elementor-element-7c31825 elementor-section-full_width elementor-section-height-default elementor-section-height-default\" data-id=\"7c31825\" data-element_type=\"section\">\n\t\t\t\t\t\t<div class=\"elementor-container elementor-column-gap-default\">\n\t\t\t\t\t<div class=\"elementor-column elementor-col-100 elementor-inner-column elementor-element elementor-element-1f127a18\" data-id=\"1f127a18\" data-element_type=\"column\">\n\t\t\t<div class=\"elementor-widget-wrap elementor-element-populated\">\n\t\t\t\t\t\t<div class=\"elementor-element elementor-element-7e3aff31 elementor-widget elementor-widget-heading\" data-id=\"7e3aff31\" data-element_type=\"widget\" data-widget_type=\"heading.default\">\n\t\t\t\t<div class=\"elementor-widget-container\">\n\t\t\t\t\t<h2 class=\"elementor-heading-title elementor-size-default\">White wine - Cotede Beaune\/Cote de Nuits   <\/h2>\t\t\t\t<\/div>\n\t\t\t\t<\/div>\n\t\t\t\t<div class=\"elementor-element elementor-element-2fdce26a elementor-widget elementor-widget-text-editor\" data-id=\"2fdce26a\" data-element_type=\"widget\" data-widget_type=\"text-editor.default\">\n\t\t\t\t<div class=\"elementor-widget-container\">\n\t\t\t\t\t\t\t\t\t\n<table id=\"tablepress-18\" class=\"tablepress tablepress-id-18\">\n<tbody>\n<tr class=\"row-1\">\n\t<td class=\"column-1\">2012 Saint Aubin 1er Cru &#8220;Clos du Meix&#8221; , Domaine Hubert Lamy   <\/td>\n<\/tr>\n<tr class=\"row-2\">\n\t<td class=\"column-1\">2015 Meursault, &#8220;Les narvaux&#8221;, Domaine Chavy-Chouet<\/td>\n<\/tr>\n<tr class=\"row-3\">\n\t<td class=\"column-1\">2015 Meursault 1er Cru &#8220;Les Genevrieres&#8221;, Domaine Chavy-Chouet<\/td>\n<\/tr>\n<tr class=\"row-4\">\n\t<td class=\"column-1\">2008 Meursault Charmes 1er Cru Vieille Vigne, Mikulski<\/td>\n<\/tr>\n<tr class=\"row-5\">\n\t<td class=\"column-1\">2010 Mersault 1er Cru Genevrieres, Lucien Le Moine<\/td>\n<\/tr>\n<tr class=\"row-6\">\n\t<td class=\"column-1\">2010 Bienvenues Batard Montrachet, Lucien Le Moine<\/td>\n<\/tr>\n<tr class=\"row-7\">\n\t<td class=\"column-1\">2010 Mersault 1er Cru &#8220;Charmes&#8221;, Hospices de Beaune, \u00e9lev\u00e9 par Lucien Le Moine<\/td>\n<\/tr>\n<tr class=\"row-8\">\n\t<td class=\"column-1\">2013 Puligny &#8211; Montrachet, 1er Cru &#8220;Les Champs Gain&#8221;, Michel Bouzereau &amp; Fils<\/td>\n<\/tr>\n<tr class=\"row-9\">\n\t<td class=\"column-1\">2011 Puligny &#8211; Montrachet, 1er Cru &#8220;Les Folatieres&#8221;, Lucien Le Moine<\/td>\n<\/tr>\n<tr class=\"row-10\">\n\t<td class=\"column-1\">2007 Chevalier Montrachet Grand Cru Clos des Chevaliers, Jean Chartron<\/td>\n<\/tr>\n<tr class=\"row-11\">\n\t<td class=\"column-1\">2008 Corton-Charlemagne, Grand Cru, Bonneau du Matray<\/td>\n<\/tr>\n<tr class=\"row-12\">\n\t<td class=\"column-1\">1999 Corton-Charlemagne, Grand Cru, Bonneau du Matray<\/td>\n<\/tr>\n<\/tbody>\n<\/table>\n<!-- #tablepress-18 from cache -->\t\t\t\t\t\t\t\t<\/div>\n\t\t\t\t<\/div>\n\t\t\t\t\t<\/div>\n\t\t<\/div>\n\t\t\t\t\t<\/div>\n\t\t<\/section>\n\t\t\t\t<div class=\"elementor-element elementor-element-225288aa elementor-view-default elementor-widget elementor-widget-global elementor-global-45 elementor-widget-icon\" data-id=\"225288aa\" data-element_type=\"widget\" data-widget_type=\"icon.default\">\n\t\t\t\t<div class=\"elementor-widget-container\">\n\t\t\t\t\t\t\t<div class=\"elementor-icon-wrapper\">\n\t\t\t<div class=\"elementor-icon\">\n\t\t\t<svg xmlns=\"http:\/\/www.w3.org\/2000\/svg\" viewBox=\"0 0 103 23\" width=\"103\" height=\"23\"><style>\t\ttspan { white-space:pre }\t\t.shp0 { fill: #b0be5d } \t<\/style><path id=\"Elipsa 1\" class=\"shp0\" d=\"M51 1C56.52 1 61 5.48 61 11C61 16.52 56.52 21 51 21C45.48 21 41 16.52 41 11C41 5.48 45.48 1 51 1ZM51 1C56.52 1 61 5.48 61 11C61 16.52 56.52 21 51 21C45.48 21 41 16.52 41 11C41 5.48 45.48 1 51 1ZM91 1C96.52 1 101 5.48 101 11C101 16.52 96.52 21 91 21C85.48 21 81 16.52 81 11C81 5.48 85.48 1 91 1ZM11 1C16.52 1 21 5.48 21 11C21 16.52 16.52 21 11 21C5.48 21 1 16.52 1 11C1 5.48 5.48 1 11 1Z\"><\/path><\/svg>\t\t\t<\/div>\n\t\t<\/div>\n\t\t\t\t\t\t<\/div>\n\t\t\t\t<\/div>\n\t\t\t\t\t<\/div>\n\t\t<\/div>\n\t\t\t\t\t<\/div>\n\t\t<\/section>\n\t\t\t\t<\/div>\n\t\t","protected":false},"excerpt":{"rendered":"<p>Wine list Wine by glass &#8211; white Wine by glass &#8211; red Champagne and sparkling wine Champagne White wine &#8211; Burgundy White wine &#8211; Chablis White wine &#8211; Cotede Beaune\/Cote de Nuits<\/p>\n","protected":false},"author":1,"featured_media":0,"parent":0,"menu_order":0,"comment_status":"closed","ping_status":"closed","template":"","meta":{"footnotes":""},"class_list":["post-377","page","type-page","status-publish","hentry"],"yoast_head":"<!-- This site is optimized with the Yoast SEO plugin v26.4 - https:\/\/yoast.com\/wordpress\/plugins\/seo\/ -->\n<title>Wine list - POT AU FEU<\/title>\n<meta name=\"robots\" content=\"index, follow, max-snippet:-1, max-image-preview:large, max-video-preview:-1\" \/>\n<link rel=\"canonical\" href=\"https:\/\/potaufeu.cz\/vinny-list\/\" \/>\n<meta property=\"og:locale\" content=\"en_US\" \/>\n<meta property=\"og:type\" content=\"article\" \/>\n<meta property=\"og:title\" content=\"Wine list - POT AU FEU\" \/>\n<meta property=\"og:description\" content=\"Wine list Wine by glass &#8211; white Wine by glass &#8211; red Champagne and sparkling wine Champagne White wine &#8211; Burgundy White wine &#8211; Chablis White wine &#8211; Cotede Beaune\/Cote de Nuits\" \/>\n<meta property=\"og:url\" content=\"https:\/\/potaufeu.cz\/vinny-list\/\" \/>\n<meta property=\"og:site_name\" content=\"POT AU FEU\" \/>\n<meta property=\"article:publisher\" content=\"https:\/\/www.facebook.com\/potaufeuprague\/\" \/>\n<meta property=\"article:modified_time\" content=\"2025-02-25T11:45:05+00:00\" \/>\n<meta name=\"twitter:card\" content=\"summary_large_image\" \/>\n<meta name=\"twitter:label1\" content=\"Est. reading time\" \/>\n\t<meta name=\"twitter:data1\" content=\"2 minutes\" \/>\n<script type=\"application\/ld+json\" class=\"yoast-schema-graph\">{\"@context\":\"https:\/\/schema.org\",\"@graph\":[{\"@type\":\"WebPage\",\"@id\":\"https:\/\/potaufeu.cz\/vinny-list\/\",\"url\":\"https:\/\/potaufeu.cz\/vinny-list\/\",\"name\":\"Wine list - POT AU FEU\",\"isPartOf\":{\"@id\":\"https:\/\/potaufeu.cz\/#website\"},\"datePublished\":\"2020-07-27T12:21:54+00:00\",\"dateModified\":\"2025-02-25T11:45:05+00:00\",\"breadcrumb\":{\"@id\":\"https:\/\/potaufeu.cz\/vinny-list\/#breadcrumb\"},\"inLanguage\":\"en-US\",\"potentialAction\":[{\"@type\":\"ReadAction\",\"target\":[\"https:\/\/potaufeu.cz\/vinny-list\/\"]}]},{\"@type\":\"BreadcrumbList\",\"@id\":\"https:\/\/potaufeu.cz\/vinny-list\/#breadcrumb\",\"itemListElement\":[{\"@type\":\"ListItem\",\"position\":1,\"name\":\"Dom\u016f\",\"item\":\"https:\/\/potaufeu.cz\/en\/\"},{\"@type\":\"ListItem\",\"position\":2,\"name\":\"Wine list\"}]},{\"@type\":\"WebSite\",\"@id\":\"https:\/\/potaufeu.cz\/#website\",\"url\":\"https:\/\/potaufeu.cz\/\",\"name\":\"POT AU FEU\",\"description\":\"Restaurant Pot-au-feu vznikl za \u00fa\u010delem umo\u017enit sv\u00fdm host\u016fm z\u00edskat v Praze gastronomick\u00e9 z\u00e1\u017eitky t\u00e9 nejvy\u0161\u0161\u00ed \u00farovn\u011b.\",\"publisher\":{\"@id\":\"https:\/\/potaufeu.cz\/#organization\"},\"potentialAction\":[{\"@type\":\"SearchAction\",\"target\":{\"@type\":\"EntryPoint\",\"urlTemplate\":\"https:\/\/potaufeu.cz\/?s={search_term_string}\"},\"query-input\":{\"@type\":\"PropertyValueSpecification\",\"valueRequired\":true,\"valueName\":\"search_term_string\"}}],\"inLanguage\":\"en-US\"},{\"@type\":\"Organization\",\"@id\":\"https:\/\/potaufeu.cz\/#organization\",\"name\":\"Pot au feu\",\"url\":\"https:\/\/potaufeu.cz\/\",\"logo\":{\"@type\":\"ImageObject\",\"inLanguage\":\"en-US\",\"@id\":\"https:\/\/potaufeu.cz\/#\/schema\/logo\/image\/\",\"url\":\"http:\/\/potaufeu.cz\/wp-content\/uploads\/2020\/07\/logo.jpg\",\"contentUrl\":\"http:\/\/potaufeu.cz\/wp-content\/uploads\/2020\/07\/logo.jpg\",\"width\":431,\"height\":129,\"caption\":\"Pot au feu\"},\"image\":{\"@id\":\"https:\/\/potaufeu.cz\/#\/schema\/logo\/image\/\"},\"sameAs\":[\"https:\/\/www.facebook.com\/potaufeuprague\/\"]}]}<\/script>\n<!-- \/ Yoast SEO plugin. -->","yoast_head_json":{"title":"Wine list - POT AU FEU","robots":{"index":"index","follow":"follow","max-snippet":"max-snippet:-1","max-image-preview":"max-image-preview:large","max-video-preview":"max-video-preview:-1"},"canonical":"https:\/\/potaufeu.cz\/vinny-list\/","og_locale":"en_US","og_type":"article","og_title":"Wine list - POT AU FEU","og_description":"Wine list Wine by glass &#8211; white Wine by glass &#8211; red Champagne and sparkling wine Champagne White wine &#8211; Burgundy White wine &#8211; Chablis White wine &#8211; Cotede Beaune\/Cote de Nuits","og_url":"https:\/\/potaufeu.cz\/vinny-list\/","og_site_name":"POT AU FEU","article_publisher":"https:\/\/www.facebook.com\/potaufeuprague\/","article_modified_time":"2025-02-25T11:45:05+00:00","twitter_card":"summary_large_image","twitter_misc":{"Est. reading time":"2 minutes"},"schema":{"@context":"https:\/\/schema.org","@graph":[{"@type":"WebPage","@id":"https:\/\/potaufeu.cz\/vinny-list\/","url":"https:\/\/potaufeu.cz\/vinny-list\/","name":"Wine list - POT AU FEU","isPartOf":{"@id":"https:\/\/potaufeu.cz\/#website"},"datePublished":"2020-07-27T12:21:54+00:00","dateModified":"2025-02-25T11:45:05+00:00","breadcrumb":{"@id":"https:\/\/potaufeu.cz\/vinny-list\/#breadcrumb"},"inLanguage":"en-US","potentialAction":[{"@type":"ReadAction","target":["https:\/\/potaufeu.cz\/vinny-list\/"]}]},{"@type":"BreadcrumbList","@id":"https:\/\/potaufeu.cz\/vinny-list\/#breadcrumb","itemListElement":[{"@type":"ListItem","position":1,"name":"Dom\u016f","item":"https:\/\/potaufeu.cz\/en\/"},{"@type":"ListItem","position":2,"name":"Wine list"}]},{"@type":"WebSite","@id":"https:\/\/potaufeu.cz\/#website","url":"https:\/\/potaufeu.cz\/","name":"POT AU FEU","description":"Restaurant Pot-au-feu vznikl za \u00fa\u010delem umo\u017enit sv\u00fdm host\u016fm z\u00edskat v Praze gastronomick\u00e9 z\u00e1\u017eitky t\u00e9 nejvy\u0161\u0161\u00ed \u00farovn\u011b.","publisher":{"@id":"https:\/\/potaufeu.cz\/#organization"},"potentialAction":[{"@type":"SearchAction","target":{"@type":"EntryPoint","urlTemplate":"https:\/\/potaufeu.cz\/?s={search_term_string}"},"query-input":{"@type":"PropertyValueSpecification","valueRequired":true,"valueName":"search_term_string"}}],"inLanguage":"en-US"},{"@type":"Organization","@id":"https:\/\/potaufeu.cz\/#organization","name":"Pot au feu","url":"https:\/\/potaufeu.cz\/","logo":{"@type":"ImageObject","inLanguage":"en-US","@id":"https:\/\/potaufeu.cz\/#\/schema\/logo\/image\/","url":"http:\/\/potaufeu.cz\/wp-content\/uploads\/2020\/07\/logo.jpg","contentUrl":"http:\/\/potaufeu.cz\/wp-content\/uploads\/2020\/07\/logo.jpg","width":431,"height":129,"caption":"Pot au feu"},"image":{"@id":"https:\/\/potaufeu.cz\/#\/schema\/logo\/image\/"},"sameAs":["https:\/\/www.facebook.com\/potaufeuprague\/"]}]}},"_links":{"self":[{"href":"https:\/\/potaufeu.cz\/en\/wp-json\/wp\/v2\/pages\/377","targetHints":{"allow":["GET"]}}],"collection":[{"href":"https:\/\/potaufeu.cz\/en\/wp-json\/wp\/v2\/pages"}],"about":[{"href":"https:\/\/potaufeu.cz\/en\/wp-json\/wp\/v2\/types\/page"}],"author":[{"embeddable":true,"href":"https:\/\/potaufeu.cz\/en\/wp-json\/wp\/v2\/users\/1"}],"replies":[{"embeddable":true,"href":"https:\/\/potaufeu.cz\/en\/wp-json\/wp\/v2\/comments?post=377"}],"version-history":[{"count":6,"href":"https:\/\/potaufeu.cz\/en\/wp-json\/wp\/v2\/pages\/377\/revisions"}],"predecessor-version":[{"id":1429,"href":"https:\/\/potaufeu.cz\/en\/wp-json\/wp\/v2\/pages\/377\/revisions\/1429"}],"wp:attachment":[{"href":"https:\/\/potaufeu.cz\/en\/wp-json\/wp\/v2\/media?parent=377"}],"curies":[{"name":"wp","href":"https:\/\/api.w.org\/{rel}","templated":true}]}}