{"id":353,"date":"2020-07-27T13:50:47","date_gmt":"2020-07-27T11:50:47","guid":{"rendered":"http:\/\/potaufeu.cz\/?page_id=353"},"modified":"2025-07-23T16:17:00","modified_gmt":"2025-07-23T14:17:00","slug":"we-recommend-today","status":"publish","type":"page","link":"https:\/\/potaufeu.cz\/en\/","title":{"rendered":"Today\u00b4s specials"},"content":{"rendered":"\t\t<div data-elementor-type=\"wp-page\" data-elementor-id=\"353\" class=\"elementor elementor-353 elementor-8\" data-elementor-post-type=\"page\">\n\t\t\t\t\t\t<section class=\"elementor-section elementor-top-section elementor-element elementor-element-916c4e9 elementor-section-boxed elementor-section-height-default elementor-section-height-default\" data-id=\"916c4e9\" data-element_type=\"section\" data-settings=\"{&quot;background_background&quot;:&quot;classic&quot;}\">\n\t\t\t\t\t\t<div class=\"elementor-container elementor-column-gap-default\">\n\t\t\t\t\t<div class=\"elementor-column elementor-col-100 elementor-top-column elementor-element elementor-element-180ac37\" data-id=\"180ac37\" data-element_type=\"column\">\n\t\t\t<div class=\"elementor-widget-wrap elementor-element-populated\">\n\t\t\t\t\t\t<div class=\"elementor-element elementor-element-f126e08 elementor-icon-list--layout-inline elementor-list-item-link-full_width elementor-widget elementor-widget-icon-list\" data-id=\"f126e08\" data-element_type=\"widget\" data-widget_type=\"icon-list.default\">\n\t\t\t\t<div class=\"elementor-widget-container\">\n\t\t\t\t\t\t\t<ul class=\"elementor-icon-list-items elementor-inline-items\">\n\t\t\t\t\t\t\t<li class=\"elementor-icon-list-item elementor-inline-item\">\n\t\t\t\t\t\t\t\t\t\t\t<a href=\"\/en\/menu-2\/\">\n\n\t\t\t\t\t\t\t\t\t\t\t\t<span class=\"elementor-icon-list-icon\">\n\t\t\t\t\t\t\t<i aria-hidden=\"true\" class=\"fas fa-long-arrow-alt-right\"><\/i>\t\t\t\t\t\t<\/span>\n\t\t\t\t\t\t\t\t\t\t<span class=\"elementor-icon-list-text\">Menu<\/span>\n\t\t\t\t\t\t\t\t\t\t\t<\/a>\n\t\t\t\t\t\t\t\t\t<\/li>\n\t\t\t\t\t\t\t\t<li class=\"elementor-icon-list-item elementor-inline-item\">\n\t\t\t\t\t\t\t\t\t\t\t<a href=\"\/en\/wine-list\/\">\n\n\t\t\t\t\t\t\t\t\t\t\t\t<span class=\"elementor-icon-list-icon\">\n\t\t\t\t\t\t\t<i aria-hidden=\"true\" class=\"fas fa-long-arrow-alt-right\"><\/i>\t\t\t\t\t\t<\/span>\n\t\t\t\t\t\t\t\t\t\t<span class=\"elementor-icon-list-text\">Wine list<\/span>\n\t\t\t\t\t\t\t\t\t\t\t<\/a>\n\t\t\t\t\t\t\t\t\t<\/li>\n\t\t\t\t\t\t<\/ul>\n\t\t\t\t\t\t<\/div>\n\t\t\t\t<\/div>\n\t\t\t\t\t<\/div>\n\t\t<\/div>\n\t\t\t\t\t<\/div>\n\t\t<\/section>\n\t\t\t\t<section class=\"elementor-section elementor-top-section elementor-element elementor-element-c594660 elementor-section-boxed elementor-section-height-default elementor-section-height-default\" data-id=\"c594660\" data-element_type=\"section\">\n\t\t\t\t\t\t<div class=\"elementor-container elementor-column-gap-default\">\n\t\t\t\t\t<div class=\"elementor-column elementor-col-100 elementor-top-column elementor-element elementor-element-95ed768\" data-id=\"95ed768\" data-element_type=\"column\">\n\t\t\t<div class=\"elementor-widget-wrap elementor-element-populated\">\n\t\t\t\t\t\t<section class=\"elementor-section elementor-inner-section elementor-element elementor-element-e43a22d elementor-section-full_width elementor-section-height-default elementor-section-height-default\" data-id=\"e43a22d\" data-element_type=\"section\" data-settings=\"{&quot;background_background&quot;:&quot;classic&quot;}\">\n\t\t\t\t\t\t\t<div class=\"elementor-background-overlay\"><\/div>\n\t\t\t\t\t\t\t<div class=\"elementor-container elementor-column-gap-default\">\n\t\t\t\t\t<div class=\"elementor-column elementor-col-50 elementor-inner-column elementor-element elementor-element-85e2acf\" data-id=\"85e2acf\" data-element_type=\"column\" data-settings=\"{&quot;background_background&quot;:&quot;classic&quot;}\">\n\t\t\t<div class=\"elementor-widget-wrap elementor-element-populated\">\n\t\t\t\t\t\t<div class=\"elementor-element elementor-element-da358d5 elementor-widget elementor-widget-heading\" data-id=\"da358d5\" data-element_type=\"widget\" data-widget_type=\"heading.default\">\n\t\t\t\t<div class=\"elementor-widget-container\">\n\t\t\t\t\t<h1 class=\"elementor-heading-title elementor-size-default\">Today\u00b4s specials<\/h1>\t\t\t\t<\/div>\n\t\t\t\t<\/div>\n\t\t\t\t<div class=\"elementor-element elementor-element-a5d0556 elementor-widget elementor-widget-text-editor\" data-id=\"a5d0556\" data-element_type=\"widget\" data-widget_type=\"text-editor.default\">\n\t\t\t\t<div class=\"elementor-widget-container\">\n\t\t\t\t\t\t\t\t\t\n<table id=\"tablepress-19\" class=\"tablepress tablepress-id-19\">\n<tbody>\n<tr class=\"row-1\">\n\t<td class=\"column-1\">Egg 63 with trufle Tuber Aestivum<\/td><td class=\"column-2\">595,-<\/td>\n<\/tr>\n<tr class=\"row-2\">\n\t<td class=\"column-1\">Tartare of arctic salmon<\/td><td class=\"column-2\">495,-<\/td>\n<\/tr>\n<tr class=\"row-3\">\n\t<td class=\"column-1\">Breast of pigeon from Anjou, truffle sauce<\/td><td class=\"column-2\">1.195,-<\/td>\n<\/tr>\n<tr class=\"row-4\">\n\t<td class=\"column-1\">Bouillabaisse <\/td><td class=\"column-2\">695,- \/ 1.195,- <\/td>\n<\/tr>\n<\/tbody>\n<\/table>\n\t\t\t\t\t\t\t\t<\/div>\n\t\t\t\t<\/div>\n\t\t\t\t\t<\/div>\n\t\t<\/div>\n\t\t\t\t<div class=\"elementor-column elementor-col-50 elementor-inner-column elementor-element elementor-element-250b0a8 elementor-hidden-phone elementor-hidden-tablet\" data-id=\"250b0a8\" data-element_type=\"column\">\n\t\t\t<div class=\"elementor-widget-wrap\">\n\t\t\t\t\t\t\t<\/div>\n\t\t<\/div>\n\t\t\t\t\t<\/div>\n\t\t<\/section>\n\t\t\t\t<div class=\"elementor-element elementor-element-fbbbdab elementor-view-default elementor-widget elementor-widget-global elementor-global-45 elementor-widget-icon\" data-id=\"fbbbdab\" data-element_type=\"widget\" data-widget_type=\"icon.default\">\n\t\t\t\t<div class=\"elementor-widget-container\">\n\t\t\t\t\t\t\t<div class=\"elementor-icon-wrapper\">\n\t\t\t<div class=\"elementor-icon\">\n\t\t\t<svg xmlns=\"http:\/\/www.w3.org\/2000\/svg\" viewBox=\"0 0 103 23\" width=\"103\" height=\"23\"><style>\t\ttspan { white-space:pre }\t\t.shp0 { fill: #b0be5d } \t<\/style><path id=\"Elipsa 1\" class=\"shp0\" d=\"M51 1C56.52 1 61 5.48 61 11C61 16.52 56.52 21 51 21C45.48 21 41 16.52 41 11C41 5.48 45.48 1 51 1ZM51 1C56.52 1 61 5.48 61 11C61 16.52 56.52 21 51 21C45.48 21 41 16.52 41 11C41 5.48 45.48 1 51 1ZM91 1C96.52 1 101 5.48 101 11C101 16.52 96.52 21 91 21C85.48 21 81 16.52 81 11C81 5.48 85.48 1 91 1ZM11 1C16.52 1 21 5.48 21 11C21 16.52 16.52 21 11 21C5.48 21 1 16.52 1 11C1 5.48 5.48 1 11 1Z\"><\/path><\/svg>\t\t\t<\/div>\n\t\t<\/div>\n\t\t\t\t\t\t<\/div>\n\t\t\t\t<\/div>\n\t\t\t\t\t<\/div>\n\t\t<\/div>\n\t\t\t\t\t<\/div>\n\t\t<\/section>\n\t\t\t\t<section class=\"elementor-section elementor-top-section elementor-element elementor-element-11ab33b elementor-section-boxed elementor-section-height-default elementor-section-height-default\" data-id=\"11ab33b\" data-element_type=\"section\" data-settings=\"{&quot;background_background&quot;:&quot;classic&quot;}\">\n\t\t\t\t\t\t<div class=\"elementor-container elementor-column-gap-default\">\n\t\t\t\t\t<div class=\"elementor-column elementor-col-33 elementor-top-column elementor-element elementor-element-c35d460\" data-id=\"c35d460\" data-element_type=\"column\" data-settings=\"{&quot;background_background&quot;:&quot;classic&quot;}\">\n\t\t\t<div class=\"elementor-widget-wrap elementor-element-populated\">\n\t\t\t\t\t\t<div class=\"elementor-element elementor-element-983af5b elementor-widget elementor-widget-image\" data-id=\"983af5b\" data-element_type=\"widget\" data-widget_type=\"image.default\">\n\t\t\t\t<div class=\"elementor-widget-container\">\n\t\t\t\t\t\t\t\t\t\t\t\t\t\t\t<img fetchpriority=\"high\" decoding=\"async\" width=\"377\" height=\"377\" src=\"https:\/\/potaufeu.cz\/wp-content\/uploads\/2020\/07\/home-restaurant.jpg\" class=\"attachment-medium size-medium wp-image-318\" alt=\"\" srcset=\"https:\/\/potaufeu.cz\/wp-content\/uploads\/2020\/07\/home-restaurant.jpg 377w, https:\/\/potaufeu.cz\/wp-content\/uploads\/2020\/07\/home-restaurant-150x150.jpg 150w\" sizes=\"(max-width: 377px) 100vw, 377px\" \/>\t\t\t\t\t\t\t\t\t\t\t\t\t\t\t<\/div>\n\t\t\t\t<\/div>\n\t\t\t\t\t<\/div>\n\t\t<\/div>\n\t\t\t\t<div class=\"elementor-column elementor-col-66 elementor-top-column elementor-element elementor-element-7fa0a35\" data-id=\"7fa0a35\" data-element_type=\"column\" data-settings=\"{&quot;background_background&quot;:&quot;classic&quot;}\">\n\t\t\t<div class=\"elementor-widget-wrap elementor-element-populated\">\n\t\t\t\t\t\t<div class=\"elementor-element elementor-element-fc9b47b elementor-widget elementor-widget-heading\" data-id=\"fc9b47b\" data-element_type=\"widget\" data-widget_type=\"heading.default\">\n\t\t\t\t<div class=\"elementor-widget-container\">\n\t\t\t\t\t<h2 class=\"elementor-heading-title elementor-size-default\">Restaurant Pot-au-feu was established in order to enable its guests to get gastronomic experiences in Prague of the highest level<\/h2>\t\t\t\t<\/div>\n\t\t\t\t<\/div>\n\t\t\t\t<div class=\"elementor-element elementor-element-d8df881 elementor-widget elementor-widget-text-editor\" data-id=\"d8df881\" data-element_type=\"widget\" data-widget_type=\"text-editor.default\">\n\t\t\t\t<div class=\"elementor-widget-container\">\n\t\t\t\t\t\t\t\t\t<p>We pay attention to the quality of our services in all respects. We always buy fresh raw materials from our proven local Czech and European suppliers. We cook seasonal dishes using French cooking methods, which are characterized by an emphasis on preserving the original strengths and flavors of food. The taste of the food will be underlined by one of our selected wines, which are supplied to us by top European winemakers and which are almost non-existent in the menus of Czech restaurants.<\/p>\t\t\t\t\t\t\t\t<\/div>\n\t\t\t\t<\/div>\n\t\t\t\t<div class=\"elementor-element elementor-element-7c56c7c elementor-icon-list--layout-inline elementor-list-item-link-full_width elementor-widget elementor-widget-icon-list\" data-id=\"7c56c7c\" data-element_type=\"widget\" data-widget_type=\"icon-list.default\">\n\t\t\t\t<div class=\"elementor-widget-container\">\n\t\t\t\t\t\t\t<ul class=\"elementor-icon-list-items elementor-inline-items\">\n\t\t\t\t\t\t\t<li class=\"elementor-icon-list-item elementor-inline-item\">\n\t\t\t\t\t\t\t\t\t\t\t<a href=\"\/en\/about-us\/\">\n\n\t\t\t\t\t\t\t\t\t\t\t\t<span class=\"elementor-icon-list-icon\">\n\t\t\t\t\t\t\t<i aria-hidden=\"true\" class=\"fas fa-long-arrow-alt-right\"><\/i>\t\t\t\t\t\t<\/span>\n\t\t\t\t\t\t\t\t\t\t<span class=\"elementor-icon-list-text\">More about us<\/span>\n\t\t\t\t\t\t\t\t\t\t\t<\/a>\n\t\t\t\t\t\t\t\t\t<\/li>\n\t\t\t\t\t\t\t\t<li class=\"elementor-icon-list-item elementor-inline-item\">\n\t\t\t\t\t\t\t\t\t\t\t<a href=\"\/en\/contact\/#form\">\n\n\t\t\t\t\t\t\t\t\t\t\t\t<span class=\"elementor-icon-list-icon\">\n\t\t\t\t\t\t\t<i aria-hidden=\"true\" class=\"fas fa-long-arrow-alt-right\"><\/i>\t\t\t\t\t\t<\/span>\n\t\t\t\t\t\t\t\t\t\t<span class=\"elementor-icon-list-text\">Reservation<\/span>\n\t\t\t\t\t\t\t\t\t\t\t<\/a>\n\t\t\t\t\t\t\t\t\t<\/li>\n\t\t\t\t\t\t<\/ul>\n\t\t\t\t\t\t<\/div>\n\t\t\t\t<\/div>\n\t\t\t\t\t<\/div>\n\t\t<\/div>\n\t\t\t\t\t<\/div>\n\t\t<\/section>\n\t\t\t\t<section class=\"elementor-section elementor-top-section elementor-element elementor-element-0f1282d elementor-section-boxed elementor-section-height-default elementor-section-height-default\" data-id=\"0f1282d\" data-element_type=\"section\">\n\t\t\t\t\t\t<div class=\"elementor-container elementor-column-gap-default\">\n\t\t\t\t\t<div class=\"elementor-column elementor-col-100 elementor-top-column elementor-element elementor-element-af05ccf\" data-id=\"af05ccf\" data-element_type=\"column\">\n\t\t\t<div class=\"elementor-widget-wrap elementor-element-populated\">\n\t\t\t\t\t\t<div class=\"elementor-element elementor-element-fa6918f elementor-view-default elementor-widget elementor-widget-global elementor-global-45 elementor-widget-icon\" data-id=\"fa6918f\" data-element_type=\"widget\" data-widget_type=\"icon.default\">\n\t\t\t\t<div class=\"elementor-widget-container\">\n\t\t\t\t\t\t\t<div class=\"elementor-icon-wrapper\">\n\t\t\t<div class=\"elementor-icon\">\n\t\t\t<svg xmlns=\"http:\/\/www.w3.org\/2000\/svg\" viewBox=\"0 0 103 23\" width=\"103\" height=\"23\"><style>\t\ttspan { white-space:pre }\t\t.shp0 { fill: #b0be5d } \t<\/style><path id=\"Elipsa 1\" class=\"shp0\" d=\"M51 1C56.52 1 61 5.48 61 11C61 16.52 56.52 21 51 21C45.48 21 41 16.52 41 11C41 5.48 45.48 1 51 1ZM51 1C56.52 1 61 5.48 61 11C61 16.52 56.52 21 51 21C45.48 21 41 16.52 41 11C41 5.48 45.48 1 51 1ZM91 1C96.52 1 101 5.48 101 11C101 16.52 96.52 21 91 21C85.48 21 81 16.52 81 11C81 5.48 85.48 1 91 1ZM11 1C16.52 1 21 5.48 21 11C21 16.52 16.52 21 11 21C5.48 21 1 16.52 1 11C1 5.48 5.48 1 11 1Z\"><\/path><\/svg>\t\t\t<\/div>\n\t\t<\/div>\n\t\t\t\t\t\t<\/div>\n\t\t\t\t<\/div>\n\t\t\t\t\t<\/div>\n\t\t<\/div>\n\t\t\t\t\t<\/div>\n\t\t<\/section>\n\t\t\t\t<section class=\"elementor-section elementor-top-section elementor-element elementor-element-b118ab8 elementor-section-full_width elementor-section-height-default elementor-section-height-default\" data-id=\"b118ab8\" data-element_type=\"section\">\n\t\t\t\t\t\t<div class=\"elementor-container elementor-column-gap-default\">\n\t\t\t\t\t<div class=\"elementor-column elementor-col-100 elementor-top-column elementor-element elementor-element-aea4a3f\" data-id=\"aea4a3f\" data-element_type=\"column\">\n\t\t\t<div class=\"elementor-widget-wrap elementor-element-populated\">\n\t\t\t\t\t\t<div class=\"elementor-element elementor-element-ce554ba elementor-widget elementor-widget-gallery\" data-id=\"ce554ba\" data-element_type=\"widget\" data-settings=\"{&quot;columns&quot;:3,&quot;columns_tablet&quot;:3,&quot;gap&quot;:{&quot;unit&quot;:&quot;px&quot;,&quot;size&quot;:0,&quot;sizes&quot;:[]},&quot;gap_tablet&quot;:{&quot;unit&quot;:&quot;px&quot;,&quot;size&quot;:0,&quot;sizes&quot;:[]},&quot;gap_mobile&quot;:{&quot;unit&quot;:&quot;px&quot;,&quot;size&quot;:0,&quot;sizes&quot;:[]},&quot;lazyload&quot;:&quot;yes&quot;,&quot;gallery_layout&quot;:&quot;grid&quot;,&quot;columns_mobile&quot;:1,&quot;link_to&quot;:&quot;file&quot;,&quot;aspect_ratio&quot;:&quot;3:2&quot;,&quot;overlay_background&quot;:&quot;yes&quot;,&quot;content_hover_animation&quot;:&quot;fade-in&quot;}\" data-widget_type=\"gallery.default\">\n\t\t\t\t<div class=\"elementor-widget-container\">\n\t\t\t\t\t\t\t<div class=\"elementor-gallery__container\">\n\t\t\t\t\t\t\t<a class=\"e-gallery-item elementor-gallery-item elementor-animated-content\" href=\"https:\/\/potaufeu.cz\/wp-content\/uploads\/2020\/07\/denni-menu-3.jpg\" data-elementor-open-lightbox=\"yes\" data-elementor-lightbox-slideshow=\"ce554ba\" data-elementor-lightbox-title=\"denni_menu_3\" data-e-action-hash=\"#elementor-action%3Aaction%3Dlightbox%26settings%3DeyJpZCI6NDEsInVybCI6Imh0dHBzOlwvXC9wb3RhdWZldS5jelwvd3AtY29udGVudFwvdXBsb2Fkc1wvMjAyMFwvMDdcL2Rlbm5pLW1lbnUtMy5qcGciLCJzbGlkZXNob3ciOiJjZTU1NGJhIn0%3D\">\n\t\t\t\t\t<div class=\"e-gallery-image elementor-gallery-item__image\" data-thumbnail=\"https:\/\/potaufeu.cz\/wp-content\/uploads\/2020\/07\/denni-menu-3-768x512.jpg\" data-width=\"768\" data-height=\"512\" aria-label=\"\" role=\"img\" ><\/div>\n\t\t\t\t\t\t\t\t\t\t\t<div class=\"elementor-gallery-item__overlay\"><\/div>\n\t\t\t\t\t\t\t\t\t\t\t\t\t\t<\/a>\n\t\t\t\t\t\t\t<a class=\"e-gallery-item elementor-gallery-item elementor-animated-content\" href=\"https:\/\/potaufeu.cz\/wp-content\/uploads\/2020\/07\/denni-menu-6.jpg\" data-elementor-open-lightbox=\"yes\" data-elementor-lightbox-slideshow=\"ce554ba\" data-elementor-lightbox-title=\"denni_menu_6\" data-e-action-hash=\"#elementor-action%3Aaction%3Dlightbox%26settings%3DeyJpZCI6NDAsInVybCI6Imh0dHBzOlwvXC9wb3RhdWZldS5jelwvd3AtY29udGVudFwvdXBsb2Fkc1wvMjAyMFwvMDdcL2Rlbm5pLW1lbnUtNi5qcGciLCJzbGlkZXNob3ciOiJjZTU1NGJhIn0%3D\">\n\t\t\t\t\t<div class=\"e-gallery-image elementor-gallery-item__image\" data-thumbnail=\"https:\/\/potaufeu.cz\/wp-content\/uploads\/2020\/07\/denni-menu-6-768x512.jpg\" data-width=\"768\" data-height=\"512\" aria-label=\"\" role=\"img\" ><\/div>\n\t\t\t\t\t\t\t\t\t\t\t<div class=\"elementor-gallery-item__overlay\"><\/div>\n\t\t\t\t\t\t\t\t\t\t\t\t\t\t<\/a>\n\t\t\t\t\t\t\t<a class=\"e-gallery-item elementor-gallery-item elementor-animated-content\" href=\"https:\/\/potaufeu.cz\/wp-content\/uploads\/2020\/07\/home-food-1.jpg\" data-elementor-open-lightbox=\"yes\" data-elementor-lightbox-slideshow=\"ce554ba\" data-elementor-lightbox-title=\"home_food_1\" data-e-action-hash=\"#elementor-action%3Aaction%3Dlightbox%26settings%3DeyJpZCI6MzgsInVybCI6Imh0dHBzOlwvXC9wb3RhdWZldS5jelwvd3AtY29udGVudFwvdXBsb2Fkc1wvMjAyMFwvMDdcL2hvbWUtZm9vZC0xLmpwZyIsInNsaWRlc2hvdyI6ImNlNTU0YmEifQ%3D%3D\">\n\t\t\t\t\t<div class=\"e-gallery-image elementor-gallery-item__image\" data-thumbnail=\"https:\/\/potaufeu.cz\/wp-content\/uploads\/2020\/07\/home-food-1.jpg\" data-width=\"630\" data-height=\"629\" aria-label=\"\" role=\"img\" ><\/div>\n\t\t\t\t\t\t\t\t\t\t\t<div class=\"elementor-gallery-item__overlay\"><\/div>\n\t\t\t\t\t\t\t\t\t\t\t\t\t\t<\/a>\n\t\t\t\t\t<\/div>\n\t\t\t\t\t<\/div>\n\t\t\t\t<\/div>\n\t\t\t\t\t<\/div>\n\t\t<\/div>\n\t\t\t\t\t<\/div>\n\t\t<\/section>\n\t\t\t\t<\/div>\n\t\t","protected":false},"excerpt":{"rendered":"<p>Menu Wine list Today\u00b4s specials Restaurant Pot-au-feu was established in order to enable its guests to get gastronomic experiences in Prague of the highest level We pay attention to the quality of our services in all respects. We always buy fresh raw materials from our proven local Czech and European suppliers. We cook seasonal dishes [&hellip;]<\/p>\n","protected":false},"author":1,"featured_media":0,"parent":0,"menu_order":0,"comment_status":"closed","ping_status":"closed","template":"","meta":{"footnotes":""},"class_list":["post-353","page","type-page","status-publish","hentry"],"yoast_head":"<!-- This site is optimized with the Yoast SEO plugin v26.4 - https:\/\/yoast.com\/wordpress\/plugins\/seo\/ -->\n<title>Today\u00b4s specials - POT AU FEU<\/title>\n<meta name=\"robots\" content=\"index, follow, max-snippet:-1, max-image-preview:large, max-video-preview:-1\" \/>\n<link rel=\"canonical\" href=\"https:\/\/potaufeu.cz\/en\/\" \/>\n<meta property=\"og:locale\" content=\"en_US\" \/>\n<meta property=\"og:type\" content=\"article\" \/>\n<meta property=\"og:title\" content=\"Today\u00b4s specials - POT AU FEU\" \/>\n<meta property=\"og:description\" content=\"Menu Wine list Today\u00b4s specials Restaurant Pot-au-feu was established in order to enable its guests to get gastronomic experiences in Prague of the highest level We pay attention to the quality of our services in all respects. We always buy fresh raw materials from our proven local Czech and European suppliers. We cook seasonal dishes [&hellip;]\" \/>\n<meta property=\"og:url\" content=\"https:\/\/potaufeu.cz\/en\/\" \/>\n<meta property=\"og:site_name\" content=\"POT AU FEU\" \/>\n<meta property=\"article:publisher\" content=\"https:\/\/www.facebook.com\/potaufeuprague\/\" \/>\n<meta property=\"article:modified_time\" content=\"2025-07-23T14:17:00+00:00\" \/>\n<meta property=\"og:image\" content=\"https:\/\/potaufeu.cz\/wp-content\/uploads\/2020\/07\/home-restaurant.jpg\" \/>\n\t<meta property=\"og:image:width\" content=\"377\" \/>\n\t<meta property=\"og:image:height\" content=\"377\" \/>\n\t<meta property=\"og:image:type\" content=\"image\/jpeg\" \/>\n<meta name=\"twitter:card\" content=\"summary_large_image\" \/>\n<meta name=\"twitter:label1\" content=\"Est. reading time\" \/>\n\t<meta name=\"twitter:data1\" content=\"1 minute\" \/>\n<script type=\"application\/ld+json\" class=\"yoast-schema-graph\">{\"@context\":\"https:\/\/schema.org\",\"@graph\":[{\"@type\":\"WebPage\",\"@id\":\"https:\/\/potaufeu.cz\/en\/\",\"url\":\"https:\/\/potaufeu.cz\/en\/\",\"name\":\"Today\u00b4s specials - POT AU FEU\",\"isPartOf\":{\"@id\":\"https:\/\/potaufeu.cz\/#website\"},\"primaryImageOfPage\":{\"@id\":\"https:\/\/potaufeu.cz\/en\/#primaryimage\"},\"image\":{\"@id\":\"https:\/\/potaufeu.cz\/en\/#primaryimage\"},\"thumbnailUrl\":\"https:\/\/potaufeu.cz\/wp-content\/uploads\/2020\/07\/home-restaurant.jpg\",\"datePublished\":\"2020-07-27T11:50:47+00:00\",\"dateModified\":\"2025-07-23T14:17:00+00:00\",\"breadcrumb\":{\"@id\":\"https:\/\/potaufeu.cz\/en\/#breadcrumb\"},\"inLanguage\":\"en-US\",\"potentialAction\":[{\"@type\":\"ReadAction\",\"target\":[\"https:\/\/potaufeu.cz\/en\/\"]}]},{\"@type\":\"ImageObject\",\"inLanguage\":\"en-US\",\"@id\":\"https:\/\/potaufeu.cz\/en\/#primaryimage\",\"url\":\"https:\/\/potaufeu.cz\/wp-content\/uploads\/2020\/07\/home-restaurant.jpg\",\"contentUrl\":\"https:\/\/potaufeu.cz\/wp-content\/uploads\/2020\/07\/home-restaurant.jpg\"},{\"@type\":\"BreadcrumbList\",\"@id\":\"https:\/\/potaufeu.cz\/en\/#breadcrumb\",\"itemListElement\":[{\"@type\":\"ListItem\",\"position\":1,\"name\":\"Dom\u016f\",\"item\":\"https:\/\/potaufeu.cz\/en\/\"},{\"@type\":\"ListItem\",\"position\":2,\"name\":\"Today\u00b4s specials\"}]},{\"@type\":\"WebSite\",\"@id\":\"https:\/\/potaufeu.cz\/#website\",\"url\":\"https:\/\/potaufeu.cz\/\",\"name\":\"POT AU FEU\",\"description\":\"Restaurant Pot-au-feu vznikl za \u00fa\u010delem umo\u017enit sv\u00fdm host\u016fm z\u00edskat v Praze gastronomick\u00e9 z\u00e1\u017eitky t\u00e9 nejvy\u0161\u0161\u00ed \u00farovn\u011b.\",\"publisher\":{\"@id\":\"https:\/\/potaufeu.cz\/#organization\"},\"potentialAction\":[{\"@type\":\"SearchAction\",\"target\":{\"@type\":\"EntryPoint\",\"urlTemplate\":\"https:\/\/potaufeu.cz\/?s={search_term_string}\"},\"query-input\":{\"@type\":\"PropertyValueSpecification\",\"valueRequired\":true,\"valueName\":\"search_term_string\"}}],\"inLanguage\":\"en-US\"},{\"@type\":\"Organization\",\"@id\":\"https:\/\/potaufeu.cz\/#organization\",\"name\":\"Pot au feu\",\"url\":\"https:\/\/potaufeu.cz\/\",\"logo\":{\"@type\":\"ImageObject\",\"inLanguage\":\"en-US\",\"@id\":\"https:\/\/potaufeu.cz\/#\/schema\/logo\/image\/\",\"url\":\"http:\/\/potaufeu.cz\/wp-content\/uploads\/2020\/07\/logo.jpg\",\"contentUrl\":\"http:\/\/potaufeu.cz\/wp-content\/uploads\/2020\/07\/logo.jpg\",\"width\":431,\"height\":129,\"caption\":\"Pot au feu\"},\"image\":{\"@id\":\"https:\/\/potaufeu.cz\/#\/schema\/logo\/image\/\"},\"sameAs\":[\"https:\/\/www.facebook.com\/potaufeuprague\/\"]}]}<\/script>\n<!-- \/ Yoast SEO plugin. -->","yoast_head_json":{"title":"Today\u00b4s specials - POT AU FEU","robots":{"index":"index","follow":"follow","max-snippet":"max-snippet:-1","max-image-preview":"max-image-preview:large","max-video-preview":"max-video-preview:-1"},"canonical":"https:\/\/potaufeu.cz\/en\/","og_locale":"en_US","og_type":"article","og_title":"Today\u00b4s specials - POT AU FEU","og_description":"Menu Wine list Today\u00b4s specials Restaurant Pot-au-feu was established in order to enable its guests to get gastronomic experiences in Prague of the highest level We pay attention to the quality of our services in all respects. We always buy fresh raw materials from our proven local Czech and European suppliers. We cook seasonal dishes [&hellip;]","og_url":"https:\/\/potaufeu.cz\/en\/","og_site_name":"POT AU FEU","article_publisher":"https:\/\/www.facebook.com\/potaufeuprague\/","article_modified_time":"2025-07-23T14:17:00+00:00","og_image":[{"width":377,"height":377,"url":"https:\/\/potaufeu.cz\/wp-content\/uploads\/2020\/07\/home-restaurant.jpg","type":"image\/jpeg"}],"twitter_card":"summary_large_image","twitter_misc":{"Est. reading time":"1 minute"},"schema":{"@context":"https:\/\/schema.org","@graph":[{"@type":"WebPage","@id":"https:\/\/potaufeu.cz\/en\/","url":"https:\/\/potaufeu.cz\/en\/","name":"Today\u00b4s specials - POT AU FEU","isPartOf":{"@id":"https:\/\/potaufeu.cz\/#website"},"primaryImageOfPage":{"@id":"https:\/\/potaufeu.cz\/en\/#primaryimage"},"image":{"@id":"https:\/\/potaufeu.cz\/en\/#primaryimage"},"thumbnailUrl":"https:\/\/potaufeu.cz\/wp-content\/uploads\/2020\/07\/home-restaurant.jpg","datePublished":"2020-07-27T11:50:47+00:00","dateModified":"2025-07-23T14:17:00+00:00","breadcrumb":{"@id":"https:\/\/potaufeu.cz\/en\/#breadcrumb"},"inLanguage":"en-US","potentialAction":[{"@type":"ReadAction","target":["https:\/\/potaufeu.cz\/en\/"]}]},{"@type":"ImageObject","inLanguage":"en-US","@id":"https:\/\/potaufeu.cz\/en\/#primaryimage","url":"https:\/\/potaufeu.cz\/wp-content\/uploads\/2020\/07\/home-restaurant.jpg","contentUrl":"https:\/\/potaufeu.cz\/wp-content\/uploads\/2020\/07\/home-restaurant.jpg"},{"@type":"BreadcrumbList","@id":"https:\/\/potaufeu.cz\/en\/#breadcrumb","itemListElement":[{"@type":"ListItem","position":1,"name":"Dom\u016f","item":"https:\/\/potaufeu.cz\/en\/"},{"@type":"ListItem","position":2,"name":"Today\u00b4s specials"}]},{"@type":"WebSite","@id":"https:\/\/potaufeu.cz\/#website","url":"https:\/\/potaufeu.cz\/","name":"POT AU FEU","description":"Restaurant Pot-au-feu vznikl za \u00fa\u010delem umo\u017enit sv\u00fdm host\u016fm z\u00edskat v Praze gastronomick\u00e9 z\u00e1\u017eitky t\u00e9 nejvy\u0161\u0161\u00ed \u00farovn\u011b.","publisher":{"@id":"https:\/\/potaufeu.cz\/#organization"},"potentialAction":[{"@type":"SearchAction","target":{"@type":"EntryPoint","urlTemplate":"https:\/\/potaufeu.cz\/?s={search_term_string}"},"query-input":{"@type":"PropertyValueSpecification","valueRequired":true,"valueName":"search_term_string"}}],"inLanguage":"en-US"},{"@type":"Organization","@id":"https:\/\/potaufeu.cz\/#organization","name":"Pot au feu","url":"https:\/\/potaufeu.cz\/","logo":{"@type":"ImageObject","inLanguage":"en-US","@id":"https:\/\/potaufeu.cz\/#\/schema\/logo\/image\/","url":"http:\/\/potaufeu.cz\/wp-content\/uploads\/2020\/07\/logo.jpg","contentUrl":"http:\/\/potaufeu.cz\/wp-content\/uploads\/2020\/07\/logo.jpg","width":431,"height":129,"caption":"Pot au feu"},"image":{"@id":"https:\/\/potaufeu.cz\/#\/schema\/logo\/image\/"},"sameAs":["https:\/\/www.facebook.com\/potaufeuprague\/"]}]}},"_links":{"self":[{"href":"https:\/\/potaufeu.cz\/en\/wp-json\/wp\/v2\/pages\/353","targetHints":{"allow":["GET"]}}],"collection":[{"href":"https:\/\/potaufeu.cz\/en\/wp-json\/wp\/v2\/pages"}],"about":[{"href":"https:\/\/potaufeu.cz\/en\/wp-json\/wp\/v2\/types\/page"}],"author":[{"embeddable":true,"href":"https:\/\/potaufeu.cz\/en\/wp-json\/wp\/v2\/users\/1"}],"replies":[{"embeddable":true,"href":"https:\/\/potaufeu.cz\/en\/wp-json\/wp\/v2\/comments?post=353"}],"version-history":[{"count":56,"href":"https:\/\/potaufeu.cz\/en\/wp-json\/wp\/v2\/pages\/353\/revisions"}],"predecessor-version":[{"id":1552,"href":"https:\/\/potaufeu.cz\/en\/wp-json\/wp\/v2\/pages\/353\/revisions\/1552"}],"wp:attachment":[{"href":"https:\/\/potaufeu.cz\/en\/wp-json\/wp\/v2\/media?parent=353"}],"curies":[{"name":"wp","href":"https:\/\/api.w.org\/{rel}","templated":true}]}}